{"id":110,"date":"2024-05-28T18:19:33","date_gmt":"2024-05-28T18:19:33","guid":{"rendered":"http:\/\/macbook-pro.local\/multipla\/quem-somos\/"},"modified":"2024-06-19T20:59:19","modified_gmt":"2024-06-19T20:59:19","slug":"quem-somos","status":"publish","type":"page","link":"https:\/\/multipla.ninacomunicacao.com.br\/en\/quem-somos\/","title":{"rendered":"Quem somos"},"content":{"rendered":"\n<h2 class=\"wp-block-heading\">Sobre a Multipla<\/h2>\n\n\n\n<p>A Multipla Investimentos \u00e9 uma gestora de ativos alternativos dedicada a oferecer solu\u00e7\u00f5es personalizadas para situa\u00e7\u00f5es complexas, gerando aos seus parceiros oportunidades em diferentes classes de ativos que v\u00e3o al\u00e9m dos mercados tradicionais, proporcionando retornos atrativos ajustados ao risco nos mais diversos cen\u00e1rios. Al\u00e9m da gest\u00e3o de fundos, a equipe da Multipla Investimentos atua em todo o ciclo de investimento, incluindo origina\u00e7\u00e3o, an\u00e1lise e estrutura\u00e7\u00e3o.<\/p>\n","protected":false},"excerpt":{"rendered":"<p>Sobre a Multipla A Multipla Investimentos \u00e9 uma gestora de ativos alternativos dedicada a oferecer solu\u00e7\u00f5es personalizadas para situa\u00e7\u00f5es complexas, gerando aos seus parceiros oportunidades em diferentes classes de ativos que v\u00e3o al\u00e9m dos mercados tradicionais, proporcionando retornos atrativos ajustados ao risco nos mais diversos cen\u00e1rios. Al\u00e9m da gest\u00e3o de fundos, a equipe da Multipla [&hellip;]<\/p>\n","protected":false},"author":1,"featured_media":0,"parent":0,"menu_order":0,"comment_status":"closed","ping_status":"closed","template":"template\/quem-somos.php","meta":{"footnotes":""},"class_list":["post-110","page","type-page","status-publish","hentry"],"acf":[],"_links":{"self":[{"href":"https:\/\/multipla.ninacomunicacao.com.br\/en\/wp-json\/wp\/v2\/pages\/110","targetHints":{"allow":["GET"]}}],"collection":[{"href":"https:\/\/multipla.ninacomunicacao.com.br\/en\/wp-json\/wp\/v2\/pages"}],"about":[{"href":"https:\/\/multipla.ninacomunicacao.com.br\/en\/wp-json\/wp\/v2\/types\/page"}],"author":[{"embeddable":true,"href":"https:\/\/multipla.ninacomunicacao.com.br\/en\/wp-json\/wp\/v2\/users\/1"}],"replies":[{"embeddable":true,"href":"https:\/\/multipla.ninacomunicacao.com.br\/en\/wp-json\/wp\/v2\/comments?post=110"}],"version-history":[{"count":9,"href":"https:\/\/multipla.ninacomunicacao.com.br\/en\/wp-json\/wp\/v2\/pages\/110\/revisions"}],"predecessor-version":[{"id":189,"href":"https:\/\/multipla.ninacomunicacao.com.br\/en\/wp-json\/wp\/v2\/pages\/110\/revisions\/189"}],"wp:attachment":[{"href":"https:\/\/multipla.ninacomunicacao.com.br\/en\/wp-json\/wp\/v2\/media?parent=110"}],"curies":[{"name":"wp","href":"https:\/\/api.w.org\/{rel}","templated":true}]}}